{"id":98,"date":"2024-09-03T20:45:03","date_gmt":"2024-09-03T20:45:03","guid":{"rendered":"https:\/\/peaceful-chandrasekhar.5-148-165-28.plesk.page\/?page_id=98"},"modified":"2024-11-27T09:46:44","modified_gmt":"2024-11-27T09:46:44","slug":"ueber-uns","status":"publish","type":"page","link":"https:\/\/www.vonins-ag.ch\/index.php\/ueber-uns\/","title":{"rendered":"\u00dcber uns"},"content":{"rendered":"\n<h2 class=\"wp-block-heading\">\u00dcber uns<\/h2>\n\n\n\n<p><strong>Wir sind Ihr Spezialist im Sanit\u00e4r- und Heizungsbereich und bieten kompetente Beratung in den Bereichen Neuinstallationen, Unterhalt, Erweiterung oder Ersatz von haustechnischen Anlagen wie Sanit\u00e4r, Heizung und L\u00fcftung. Zudem offerieren wir den Service eines Reparaturdienstes.<\/strong><\/p>\n\n\n\n<p>Die Firmengr\u00fcndung der von Ins AG f\u00e4llt in das Jahr 1959 zur\u00fcck. Damals gr\u00fcndete Theodor von Ins die Firma und leitete sie \u00fcber 20 Jahre lang. Im Jahr 1981 vollzog dieser die Umwandlung der Firma in eine Aktiengesellschaft, die er dann 1983 in die H\u00e4nde seines Sohnes Peter von Ins legte, welcher noch heute der Gesch\u00e4ftsf\u00fchrer ist.<\/p>\n\n\n\n<p>Die Firma besitzt einen festen Mitarbeiterstamm von gut ausgebildeten Berufsleuten aus den Sparten Haustechnik, Sanit\u00e4r und Heizung. Zur Zeit werden 9 Monteure, 2 B\u00fcroangestellte und 1 Lehrling besch\u00e4ftigt.<\/p>\n\n\n\n<p>Heute basiert der Erfolg des Unternehmens im Wesentlichen auf den Kernbereiche Sanit\u00e4r und Heizung.<\/p>\n\n\n\n<figure class=\"wp-block-image size-large is-resized has-custom-border\"><img loading=\"lazy\" decoding=\"async\" width=\"1024\" height=\"682\" src=\"\/wp-content\/uploads\/2024\/09\/P1080230b-1024x682.jpg\" alt=\"\" class=\"wp-image-99\" style=\"border-radius:10px;width:720px;height:auto\" srcset=\"https:\/\/www.vonins-ag.ch\/wp-content\/uploads\/2024\/09\/P1080230b-1024x682.jpg 1024w, https:\/\/www.vonins-ag.ch\/wp-content\/uploads\/2024\/09\/P1080230b-300x200.jpg 300w, https:\/\/www.vonins-ag.ch\/wp-content\/uploads\/2024\/09\/P1080230b-768x512.jpg 768w, https:\/\/www.vonins-ag.ch\/wp-content\/uploads\/2024\/09\/P1080230b-1536x1024.jpg 1536w, https:\/\/www.vonins-ag.ch\/wp-content\/uploads\/2024\/09\/P1080230b.jpg 2000w\" sizes=\"auto, (max-width: 1024px) 100vw, 1024px\" \/><\/figure>\n","protected":false},"excerpt":{"rendered":"<p>\u00dcber uns Wir sind Ihr Spezialist im Sanit\u00e4r- und Heizungsbereich und bieten kompetente Beratung in den Bereichen Neuinstallationen, Unterhalt, Erweiterung [&hellip;]<\/p>\n","protected":false},"author":1,"featured_media":0,"parent":0,"menu_order":0,"comment_status":"closed","ping_status":"closed","template":"","meta":{"site-sidebar-layout":"default","site-content-layout":"","ast-site-content-layout":"","site-content-style":"default","site-sidebar-style":"default","ast-global-header-display":"","ast-banner-title-visibility":"","ast-main-header-display":"","ast-hfb-above-header-display":"","ast-hfb-below-header-display":"","ast-hfb-mobile-header-display":"","site-post-title":"","ast-breadcrumbs-content":"","ast-featured-img":"","footer-sml-layout":"","theme-transparent-header-meta":"","adv-header-id-meta":"","stick-header-meta":"","header-above-stick-meta":"","header-main-stick-meta":"","header-below-stick-meta":"","astra-migrate-meta-layouts":"default","ast-page-background-enabled":"default","ast-page-background-meta":{"desktop":{"background-color":"var(--ast-global-color-4)","background-image":"","background-repeat":"repeat","background-position":"center center","background-size":"auto","background-attachment":"scroll","background-type":"","background-media":"","overlay-type":"","overlay-color":"","overlay-opacity":"","overlay-gradient":""},"tablet":{"background-color":"","background-image":"","background-repeat":"repeat","background-position":"center center","background-size":"auto","background-attachment":"scroll","background-type":"","background-media":"","overlay-type":"","overlay-color":"","overlay-opacity":"","overlay-gradient":""},"mobile":{"background-color":"","background-image":"","background-repeat":"repeat","background-position":"center center","background-size":"auto","background-attachment":"scroll","background-type":"","background-media":"","overlay-type":"","overlay-color":"","overlay-opacity":"","overlay-gradient":""}},"ast-content-background-meta":{"desktop":{"background-color":"var(--ast-global-color-5)","background-image":"","background-repeat":"repeat","background-position":"center center","background-size":"auto","background-attachment":"scroll","background-type":"","background-media":"","overlay-type":"","overlay-color":"","overlay-opacity":"","overlay-gradient":""},"tablet":{"background-color":"var(--ast-global-color-5)","background-image":"","background-repeat":"repeat","background-position":"center center","background-size":"auto","background-attachment":"scroll","background-type":"","background-media":"","overlay-type":"","overlay-color":"","overlay-opacity":"","overlay-gradient":""},"mobile":{"background-color":"var(--ast-global-color-5)","background-image":"","background-repeat":"repeat","background-position":"center center","background-size":"auto","background-attachment":"scroll","background-type":"","background-media":"","overlay-type":"","overlay-color":"","overlay-opacity":"","overlay-gradient":""}},"footnotes":""},"class_list":["post-98","page","type-page","status-publish","hentry"],"jetpack_sharing_enabled":true,"_links":{"self":[{"href":"https:\/\/www.vonins-ag.ch\/index.php\/wp-json\/wp\/v2\/pages\/98","targetHints":{"allow":["GET"]}}],"collection":[{"href":"https:\/\/www.vonins-ag.ch\/index.php\/wp-json\/wp\/v2\/pages"}],"about":[{"href":"https:\/\/www.vonins-ag.ch\/index.php\/wp-json\/wp\/v2\/types\/page"}],"author":[{"embeddable":true,"href":"https:\/\/www.vonins-ag.ch\/index.php\/wp-json\/wp\/v2\/users\/1"}],"replies":[{"embeddable":true,"href":"https:\/\/www.vonins-ag.ch\/index.php\/wp-json\/wp\/v2\/comments?post=98"}],"version-history":[{"count":4,"href":"https:\/\/www.vonins-ag.ch\/index.php\/wp-json\/wp\/v2\/pages\/98\/revisions"}],"predecessor-version":[{"id":259,"href":"https:\/\/www.vonins-ag.ch\/index.php\/wp-json\/wp\/v2\/pages\/98\/revisions\/259"}],"wp:attachment":[{"href":"https:\/\/www.vonins-ag.ch\/index.php\/wp-json\/wp\/v2\/media?parent=98"}],"curies":[{"name":"wp","href":"https:\/\/api.w.org\/{rel}","templated":true}]}}