{"id":6,"date":"2024-09-03T19:45:34","date_gmt":"2024-09-03T19:45:34","guid":{"rendered":"https:\/\/peaceful-chandrasekhar.5-148-165-28.plesk.page\/?page_id=6"},"modified":"2026-01-23T10:17:21","modified_gmt":"2026-01-23T10:17:21","slug":"home","status":"publish","type":"page","link":"https:\/\/www.vonins-ag.ch\/","title":{"rendered":"Home"},"content":{"rendered":"\n<h1 class=\"wp-block-heading has-ast-global-color-4-background-color has-background has-large-font-size\" style=\"border-style:none;border-width:0px;border-radius:0px\">V<strong>on Ins Sanit\u00e4r und Heizung AG<\/strong><\/h1>\n\n\n\n<h2 class=\"wp-block-heading has-ast-global-color-3-color has-text-color has-link-color has-medium-font-size wp-elements-33b2372e7d1e503a57e95967850a0aa5\"><strong>Herzlich Willkommen<\/strong><\/h2>\n\n\n\n<p>Wir bieten Ihnen fachkundige Beratung und zuverl\u00e4ssige L\u00f6sungen in den Bereichen<strong> <\/strong>Neuinstallationen, Unterhalt, Erweiterung oder Ersatz<strong> <\/strong>Ihrer haustechnischen Anlagen \u2013 <strong>von Sanit\u00e4r- und Heizsystemen bis hin zur L\u00fcftungstechnik<\/strong> <strong>und Rohrleitungen<\/strong>. Zudem bieten wir Ihnen einen <strong>schnellen und professionellen Reparaturservice<\/strong>.<\/p>\n\n\n\n<p>Verlassen Sie sich auf unsere Fachkompetenz und langj\u00e4hrige Erfahrung f\u00fcr eine nachhaltige und effiziente Haustechnik.<\/p>\n\n\n\n<figure class=\"wp-block-image size-large is-resized has-custom-border\"><img loading=\"lazy\" decoding=\"async\" width=\"1024\" height=\"683\" src=\"\/wp-content\/uploads\/2024\/09\/vonIns_Autos-1-1024x683.jpg\" alt=\"\" class=\"wp-image-130\" style=\"border-radius:10px;aspect-ratio:1.7777777777777777;object-fit:cover;width:579px;height:auto\" srcset=\"https:\/\/www.vonins-ag.ch\/wp-content\/uploads\/2024\/09\/vonIns_Autos-1-1024x683.jpg 1024w, https:\/\/www.vonins-ag.ch\/wp-content\/uploads\/2024\/09\/vonIns_Autos-1-300x200.jpg 300w, https:\/\/www.vonins-ag.ch\/wp-content\/uploads\/2024\/09\/vonIns_Autos-1-768x512.jpg 768w, https:\/\/www.vonins-ag.ch\/wp-content\/uploads\/2024\/09\/vonIns_Autos-1.jpg 1368w\" sizes=\"auto, (max-width: 1024px) 100vw, 1024px\" \/><\/figure>\n\n\n\n<p><\/p>\n","protected":false},"excerpt":{"rendered":"<p>Von Ins Sanit\u00e4r und Heizung AG Herzlich Willkommen Wir bieten Ihnen fachkundige Beratung und zuverl\u00e4ssige L\u00f6sungen in den Bereichen Neuinstallationen, [&hellip;]<\/p>\n","protected":false},"author":1,"featured_media":0,"parent":0,"menu_order":0,"comment_status":"closed","ping_status":"closed","template":"","meta":{"site-sidebar-layout":"default","site-content-layout":"","ast-site-content-layout":"","site-content-style":"default","site-sidebar-style":"default","ast-global-header-display":"","ast-banner-title-visibility":"","ast-main-header-display":"","ast-hfb-above-header-display":"","ast-hfb-below-header-display":"","ast-hfb-mobile-header-display":"","site-post-title":"","ast-breadcrumbs-content":"","ast-featured-img":"","footer-sml-layout":"","theme-transparent-header-meta":"","adv-header-id-meta":"","stick-header-meta":"","header-above-stick-meta":"","header-main-stick-meta":"","header-below-stick-meta":"","astra-migrate-meta-layouts":"default","ast-page-background-enabled":"default","ast-page-background-meta":{"desktop":{"background-color":"var(--ast-global-color-4)","background-image":"","background-repeat":"repeat","background-position":"center center","background-size":"auto","background-attachment":"scroll","background-type":"","background-media":"","overlay-type":"","overlay-color":"","overlay-opacity":"","overlay-gradient":""},"tablet":{"background-color":"","background-image":"","background-repeat":"repeat","background-position":"center center","background-size":"auto","background-attachment":"scroll","background-type":"","background-media":"","overlay-type":"","overlay-color":"","overlay-opacity":"","overlay-gradient":""},"mobile":{"background-color":"","background-image":"","background-repeat":"repeat","background-position":"center center","background-size":"auto","background-attachment":"scroll","background-type":"","background-media":"","overlay-type":"","overlay-color":"","overlay-opacity":"","overlay-gradient":""}},"ast-content-background-meta":{"desktop":{"background-color":"var(--ast-global-color-5)","background-image":"","background-repeat":"repeat","background-position":"center center","background-size":"auto","background-attachment":"scroll","background-type":"","background-media":"","overlay-type":"","overlay-color":"","overlay-opacity":"","overlay-gradient":""},"tablet":{"background-color":"var(--ast-global-color-5)","background-image":"","background-repeat":"repeat","background-position":"center center","background-size":"auto","background-attachment":"scroll","background-type":"","background-media":"","overlay-type":"","overlay-color":"","overlay-opacity":"","overlay-gradient":""},"mobile":{"background-color":"var(--ast-global-color-5)","background-image":"","background-repeat":"repeat","background-position":"center center","background-size":"auto","background-attachment":"scroll","background-type":"","background-media":"","overlay-type":"","overlay-color":"","overlay-opacity":"","overlay-gradient":""}},"footnotes":""},"class_list":["post-6","page","type-page","status-publish","hentry"],"jetpack_sharing_enabled":true,"_links":{"self":[{"href":"https:\/\/www.vonins-ag.ch\/index.php\/wp-json\/wp\/v2\/pages\/6","targetHints":{"allow":["GET"]}}],"collection":[{"href":"https:\/\/www.vonins-ag.ch\/index.php\/wp-json\/wp\/v2\/pages"}],"about":[{"href":"https:\/\/www.vonins-ag.ch\/index.php\/wp-json\/wp\/v2\/types\/page"}],"author":[{"embeddable":true,"href":"https:\/\/www.vonins-ag.ch\/index.php\/wp-json\/wp\/v2\/users\/1"}],"replies":[{"embeddable":true,"href":"https:\/\/www.vonins-ag.ch\/index.php\/wp-json\/wp\/v2\/comments?post=6"}],"version-history":[{"count":5,"href":"https:\/\/www.vonins-ag.ch\/index.php\/wp-json\/wp\/v2\/pages\/6\/revisions"}],"predecessor-version":[{"id":349,"href":"https:\/\/www.vonins-ag.ch\/index.php\/wp-json\/wp\/v2\/pages\/6\/revisions\/349"}],"wp:attachment":[{"href":"https:\/\/www.vonins-ag.ch\/index.php\/wp-json\/wp\/v2\/media?parent=6"}],"curies":[{"name":"wp","href":"https:\/\/api.w.org\/{rel}","templated":true}]}}