{"id":105,"date":"2024-09-03T20:47:24","date_gmt":"2024-09-03T20:47:24","guid":{"rendered":"https:\/\/peaceful-chandrasekhar.5-148-165-28.plesk.page\/?page_id=105"},"modified":"2025-07-11T08:14:10","modified_gmt":"2025-07-11T08:14:10","slug":"jobs","status":"publish","type":"page","link":"https:\/\/www.vonins-ag.ch\/index.php\/jobs\/","title":{"rendered":"Jobs"},"content":{"rendered":"\n<p><strong>&nbsp;Wir suchen:<\/strong><\/p>\n\n\n\n<figure class=\"wp-block-image size-large\"><img loading=\"lazy\" decoding=\"async\" width=\"724\" height=\"1024\" src=\"https:\/\/www.vonins-ag.ch\/wp-content\/uploads\/2025\/07\/Sanitaerinstallateurin-Sanitaer-100_-\u2013-ab-sofort-oder-nach-Vereinbarung-Arbeitsort-5102-Rupperswil-AG-Pensum-100_-Stellenantritt-Ab-sofort-Anstellungsdauer-Unbefristet-Ihre-Aufgaben-Selbstaendi2-724x1024.png\" alt=\"\" class=\"wp-image-346\" srcset=\"https:\/\/www.vonins-ag.ch\/wp-content\/uploads\/2025\/07\/Sanitaerinstallateurin-Sanitaer-100_-\u2013-ab-sofort-oder-nach-Vereinbarung-Arbeitsort-5102-Rupperswil-AG-Pensum-100_-Stellenantritt-Ab-sofort-Anstellungsdauer-Unbefristet-Ihre-Aufgaben-Selbstaendi2-724x1024.png 724w, https:\/\/www.vonins-ag.ch\/wp-content\/uploads\/2025\/07\/Sanitaerinstallateurin-Sanitaer-100_-\u2013-ab-sofort-oder-nach-Vereinbarung-Arbeitsort-5102-Rupperswil-AG-Pensum-100_-Stellenantritt-Ab-sofort-Anstellungsdauer-Unbefristet-Ihre-Aufgaben-Selbstaendi2-212x300.png 212w, https:\/\/www.vonins-ag.ch\/wp-content\/uploads\/2025\/07\/Sanitaerinstallateurin-Sanitaer-100_-\u2013-ab-sofort-oder-nach-Vereinbarung-Arbeitsort-5102-Rupperswil-AG-Pensum-100_-Stellenantritt-Ab-sofort-Anstellungsdauer-Unbefristet-Ihre-Aufgaben-Selbstaendi2-768x1086.png 768w, https:\/\/www.vonins-ag.ch\/wp-content\/uploads\/2025\/07\/Sanitaerinstallateurin-Sanitaer-100_-\u2013-ab-sofort-oder-nach-Vereinbarung-Arbeitsort-5102-Rupperswil-AG-Pensum-100_-Stellenantritt-Ab-sofort-Anstellungsdauer-Unbefristet-Ihre-Aufgaben-Selbstaendi2-1086x1536.png 1086w, https:\/\/www.vonins-ag.ch\/wp-content\/uploads\/2025\/07\/Sanitaerinstallateurin-Sanitaer-100_-\u2013-ab-sofort-oder-nach-Vereinbarung-Arbeitsort-5102-Rupperswil-AG-Pensum-100_-Stellenantritt-Ab-sofort-Anstellungsdauer-Unbefristet-Ihre-Aufgaben-Selbstaendi2.png 1414w\" sizes=\"auto, (max-width: 724px) 100vw, 724px\" \/><\/figure>\n\n\n\n<div data-wp-interactive=\"core\/file\" class=\"wp-block-file\"><object data-wp-bind--hidden=\"!state.hasPdfPreview\" hidden class=\"wp-block-file__embed\" data=\"https:\/\/www.vonins-ag.ch\/wp-content\/uploads\/2025\/07\/Sanitaerinstallateurin-Sanitaer-100_-\u2013-ab-sofort-oder-nach-Vereinbarung-Arbeitsort-5102-Rupperswil-AG-Pensum-100_-Stellenantritt-Ab-sofort-Anstellungsdauer-Unbefristet-Ihre-Aufgaben-Selbstaendi-3.pdf\" type=\"application\/pdf\" style=\"width:100%;height:600px\" aria-label=\"Einbettung von Sanit\u00e4rinstallateurin Sanit\u00e4r (100_) \u2013 ab sofort oder nach Vereinbarung Arbeitsort 5102 Rupperswil (AG) Pensum 100_ Stellenantritt Ab sofort Anstellungsdauer Unbefristet Ihre Aufgaben - Selbst\u00e4ndi-3.\"><\/object><a id=\"wp-block-file--media-2a5717ee-7809-4de7-a564-475123c46521\" href=\"https:\/\/www.vonins-ag.ch\/wp-content\/uploads\/2025\/07\/Sanitaerinstallateurin-Sanitaer-100_-\u2013-ab-sofort-oder-nach-Vereinbarung-Arbeitsort-5102-Rupperswil-AG-Pensum-100_-Stellenantritt-Ab-sofort-Anstellungsdauer-Unbefristet-Ihre-Aufgaben-Selbstaendi-3.pdf\">Sanit\u00e4rinstallateurin Sanit\u00e4r (100_) \u2013 ab sofort oder nach Vereinbarung Arbeitsort 5102 Rupperswil (AG) Pensum 100_ Stellenantritt Ab sofort Anstellungsdauer Unbefristet Ihre Aufgaben &#8211; Selbst\u00e4ndi-3<\/a><a href=\"https:\/\/www.vonins-ag.ch\/wp-content\/uploads\/2025\/07\/Sanitaerinstallateurin-Sanitaer-100_-\u2013-ab-sofort-oder-nach-Vereinbarung-Arbeitsort-5102-Rupperswil-AG-Pensum-100_-Stellenantritt-Ab-sofort-Anstellungsdauer-Unbefristet-Ihre-Aufgaben-Selbstaendi-3.pdf\" class=\"wp-block-file__button wp-element-button\" download aria-describedby=\"wp-block-file--media-2a5717ee-7809-4de7-a564-475123c46521\">Herunterladen<\/a><\/div>\n\n\n\n<h3 class=\"wp-block-heading\">Lehrstellen<\/h3>\n\n\n\n<p><strong>Zur Zeit sind alle Stellen besetzt.<\/strong><\/p>\n\n\n\n<p>Bewerbungsadresse<strong><br><\/strong>von Ins Sanit\u00e4r- &amp; Heizungs AG<br>Silvia R\u00f6\u00f6sli<br>Hirtenweg 15<br>5102 Rupperswil<br><a href=\"mailto:s.wetter@vonins-ag.ch\">s.roeoesli@vonins-ag.ch<\/a><\/p>\n\n\n\n<p><\/p>\n","protected":false},"excerpt":{"rendered":"<p>&nbsp;Wir suchen: Lehrstellen Zur Zeit sind alle Stellen besetzt. Bewerbungsadressevon Ins Sanit\u00e4r- &amp; Heizungs AGSilvia R\u00f6\u00f6sliHirtenweg 155102 Rupperswils.roeoesli@vonins-ag.ch<\/p>\n","protected":false},"author":1,"featured_media":0,"parent":0,"menu_order":0,"comment_status":"closed","ping_status":"closed","template":"","meta":{"site-sidebar-layout":"default","site-content-layout":"","ast-site-content-layout":"","site-content-style":"default","site-sidebar-style":"default","ast-global-header-display":"","ast-banner-title-visibility":"","ast-main-header-display":"","ast-hfb-above-header-display":"","ast-hfb-below-header-display":"","ast-hfb-mobile-header-display":"","site-post-title":"","ast-breadcrumbs-content":"","ast-featured-img":"","footer-sml-layout":"","theme-transparent-header-meta":"","adv-header-id-meta":"","stick-header-meta":"","header-above-stick-meta":"","header-main-stick-meta":"","header-below-stick-meta":"","astra-migrate-meta-layouts":"default","ast-page-background-enabled":"default","ast-page-background-meta":{"desktop":{"background-color":"var(--ast-global-color-4)","background-image":"","background-repeat":"repeat","background-position":"center center","background-size":"auto","background-attachment":"scroll","background-type":"","background-media":"","overlay-type":"","overlay-color":"","overlay-opacity":"","overlay-gradient":""},"tablet":{"background-color":"","background-image":"","background-repeat":"repeat","background-position":"center center","background-size":"auto","background-attachment":"scroll","background-type":"","background-media":"","overlay-type":"","overlay-color":"","overlay-opacity":"","overlay-gradient":""},"mobile":{"background-color":"","background-image":"","background-repeat":"repeat","background-position":"center center","background-size":"auto","background-attachment":"scroll","background-type":"","background-media":"","overlay-type":"","overlay-color":"","overlay-opacity":"","overlay-gradient":""}},"ast-content-background-meta":{"desktop":{"background-color":"var(--ast-global-color-5)","background-image":"","background-repeat":"repeat","background-position":"center center","background-size":"auto","background-attachment":"scroll","background-type":"","background-media":"","overlay-type":"","overlay-color":"","overlay-opacity":"","overlay-gradient":""},"tablet":{"background-color":"var(--ast-global-color-5)","background-image":"","background-repeat":"repeat","background-position":"center center","background-size":"auto","background-attachment":"scroll","background-type":"","background-media":"","overlay-type":"","overlay-color":"","overlay-opacity":"","overlay-gradient":""},"mobile":{"background-color":"var(--ast-global-color-5)","background-image":"","background-repeat":"repeat","background-position":"center center","background-size":"auto","background-attachment":"scroll","background-type":"","background-media":"","overlay-type":"","overlay-color":"","overlay-opacity":"","overlay-gradient":""}},"footnotes":""},"class_list":["post-105","page","type-page","status-publish","hentry"],"jetpack_sharing_enabled":true,"_links":{"self":[{"href":"https:\/\/www.vonins-ag.ch\/index.php\/wp-json\/wp\/v2\/pages\/105","targetHints":{"allow":["GET"]}}],"collection":[{"href":"https:\/\/www.vonins-ag.ch\/index.php\/wp-json\/wp\/v2\/pages"}],"about":[{"href":"https:\/\/www.vonins-ag.ch\/index.php\/wp-json\/wp\/v2\/types\/page"}],"author":[{"embeddable":true,"href":"https:\/\/www.vonins-ag.ch\/index.php\/wp-json\/wp\/v2\/users\/1"}],"replies":[{"embeddable":true,"href":"https:\/\/www.vonins-ag.ch\/index.php\/wp-json\/wp\/v2\/comments?post=105"}],"version-history":[{"count":6,"href":"https:\/\/www.vonins-ag.ch\/index.php\/wp-json\/wp\/v2\/pages\/105\/revisions"}],"predecessor-version":[{"id":347,"href":"https:\/\/www.vonins-ag.ch\/index.php\/wp-json\/wp\/v2\/pages\/105\/revisions\/347"}],"wp:attachment":[{"href":"https:\/\/www.vonins-ag.ch\/index.php\/wp-json\/wp\/v2\/media?parent=105"}],"curies":[{"name":"wp","href":"https:\/\/api.w.org\/{rel}","templated":true}]}}